{"id":20,"date":"2023-04-25T20:46:29","date_gmt":"2023-04-25T20:46:29","guid":{"rendered":"https:\/\/diewildewutz.de\/?page_id=20"},"modified":"2023-11-18T09:45:18","modified_gmt":"2023-11-18T09:45:18","slug":"haus-der-kleinen-forscher","status":"publish","type":"page","link":"https:\/\/diewildewutz.de\/?page_id=20","title":{"rendered":"Haus der kleinen Forscher"},"content":{"rendered":"\n<p>Forschen im Alltag ist fester Bestandteil unserer Einrichtung. Daf\u00fcr wurde die Wilde Wutz von der Stiftung Haus der kleinen Forscher (gef\u00f6rdert vom Bundesministerium f\u00fcr Bildung und Forschung) im Jahr 2020 zertifiziert. Unsere ErzieherInnen der Wilden Wutz bilden sich regelm\u00e4\u00dfig fort.<\/p>\n","protected":false},"excerpt":{"rendered":"<p>Forschen im Alltag ist fester Bestandteil unserer Einrichtung. Daf\u00fcr wurde die Wilde Wutz von der Stiftung Haus der kleinen Forscher (gef\u00f6rdert vom Bundesministerium f\u00fcr Bildung und Forschung) im Jahr 2020 zertifiziert. Unsere ErzieherInnen der Wilden Wutz bilden sich regelm\u00e4\u00dfig fort.<\/p>\n","protected":false},"author":1,"featured_media":0,"parent":0,"menu_order":0,"comment_status":"closed","ping_status":"closed","template":"","meta":{"footnotes":""},"_links":{"self":[{"href":"https:\/\/diewildewutz.de\/index.php?rest_route=\/wp\/v2\/pages\/20"}],"collection":[{"href":"https:\/\/diewildewutz.de\/index.php?rest_route=\/wp\/v2\/pages"}],"about":[{"href":"https:\/\/diewildewutz.de\/index.php?rest_route=\/wp\/v2\/types\/page"}],"author":[{"embeddable":true,"href":"https:\/\/diewildewutz.de\/index.php?rest_route=\/wp\/v2\/users\/1"}],"replies":[{"embeddable":true,"href":"https:\/\/diewildewutz.de\/index.php?rest_route=%2Fwp%2Fv2%2Fcomments&post=20"}],"version-history":[{"count":3,"href":"https:\/\/diewildewutz.de\/index.php?rest_route=\/wp\/v2\/pages\/20\/revisions"}],"predecessor-version":[{"id":137,"href":"https:\/\/diewildewutz.de\/index.php?rest_route=\/wp\/v2\/pages\/20\/revisions\/137"}],"wp:attachment":[{"href":"https:\/\/diewildewutz.de\/index.php?rest_route=%2Fwp%2Fv2%2Fmedia&parent=20"}],"curies":[{"name":"wp","href":"https:\/\/api.w.org\/{rel}","templated":true}]}}