{"id":31,"date":"2023-04-25T21:13:36","date_gmt":"2023-04-25T21:13:36","guid":{"rendered":"https:\/\/diewildewutz.de\/?page_id=31"},"modified":"2025-02-23T20:35:51","modified_gmt":"2025-02-23T20:35:51","slug":"impressum","status":"publish","type":"page","link":"https:\/\/diewildewutz.de\/?page_id=31","title":{"rendered":"Impressum"},"content":{"rendered":"\n<p><strong>Kindertagesst\u00e4tte Wilde Wutz e. V.<\/strong><br>Von-der-Kuhlen-Stra\u00dfe 27<br>58642 Iserlohn\/Letmathe<br>Telefon (02374) 13809<br>E-Mail\u00a0<a href=\"http:\/\/web.archive.org\/web\/20230202084946\/mailto:info@diewildewutz.de\"><\/a><a href=\"http:\/\/web.archive.org\/web\/20230202084946\/mailto:info@diewildewutz.de\">info@diewildewutz.de<\/a><br>Internet\u00a0<a href=\"http:\/\/web.archive.org\/web\/20230202084946\/https:\/\/diewildewutz.de\/undefined\">www.diewildewutz.de<\/a><br><br>Vertretungsberechtigter Vorstand:<br>Sabrina Kluwe-Pfeiffer\u00a0(Vorsitzende)<br>Katharina Scholz (Stellvertreterin)<br>Registergericht: Amtsgericht Iserlohn<br>Registernummer:\u00a0VR 1216<\/p>\n\n\n\n<p>Inhaltlich Verantwortlicher gem\u00e4\u00df \u00a7 18 Abs. 2 MStV:<br>Sarah K\u00f6sters (Anschrift wie oben)<\/p>\n\n\n\n<p><strong>Haftungshinweis:<\/strong>&nbsp;Trotz sorgf\u00e4ltiger inhaltlicher Kontrolle \u00fcbernehmen wir keine Haftung f\u00fcr die Inhalte externer Links. F\u00fcr den Inhalt der verlinkten Seiten sind ausschlie\u00dflich deren Betreiber verantwortlich.<\/p>\n","protected":false},"excerpt":{"rendered":"<p>Kindertagesst\u00e4tte Wilde Wutz e. V.Von-der-Kuhlen-Stra\u00dfe 2758642 Iserlohn\/LetmatheTelefon (02374) 13809E-Mail\u00a0info@diewildewutz.deInternet\u00a0www.diewildewutz.de Vertretungsberechtigter Vorstand:Sabrina Kluwe-Pfeiffer\u00a0(Vorsitzende)Katharina Scholz (Stellvertreterin)Registergericht: Amtsgericht IserlohnRegisternummer:\u00a0VR 1216 Inhaltlich Verantwortlicher gem\u00e4\u00df \u00a7 18 Abs. 2 MStV:Sarah K\u00f6sters (Anschrift wie oben) Haftungshinweis:&nbsp;Trotz sorgf\u00e4ltiger inhaltlicher Kontrolle \u00fcbernehmen wir keine Haftung f\u00fcr die Inhalte externer Links. F\u00fcr den Inhalt der verlinkten Seiten sind ausschlie\u00dflich deren Betreiber verantwortlich.<\/p>\n","protected":false},"author":1,"featured_media":0,"parent":0,"menu_order":0,"comment_status":"closed","ping_status":"closed","template":"","meta":{"footnotes":""},"_links":{"self":[{"href":"https:\/\/diewildewutz.de\/index.php?rest_route=\/wp\/v2\/pages\/31"}],"collection":[{"href":"https:\/\/diewildewutz.de\/index.php?rest_route=\/wp\/v2\/pages"}],"about":[{"href":"https:\/\/diewildewutz.de\/index.php?rest_route=\/wp\/v2\/types\/page"}],"author":[{"embeddable":true,"href":"https:\/\/diewildewutz.de\/index.php?rest_route=\/wp\/v2\/users\/1"}],"replies":[{"embeddable":true,"href":"https:\/\/diewildewutz.de\/index.php?rest_route=%2Fwp%2Fv2%2Fcomments&post=31"}],"version-history":[{"count":5,"href":"https:\/\/diewildewutz.de\/index.php?rest_route=\/wp\/v2\/pages\/31\/revisions"}],"predecessor-version":[{"id":197,"href":"https:\/\/diewildewutz.de\/index.php?rest_route=\/wp\/v2\/pages\/31\/revisions\/197"}],"wp:attachment":[{"href":"https:\/\/diewildewutz.de\/index.php?rest_route=%2Fwp%2Fv2%2Fmedia&parent=31"}],"curies":[{"name":"wp","href":"https:\/\/api.w.org\/{rel}","templated":true}]}}